{"id":1030,"date":"2021-08-13T10:25:32","date_gmt":"2021-08-13T08:25:32","guid":{"rendered":"https:\/\/www.noutdoc.fr\/?page_id=1030"},"modified":"2021-08-13T11:33:20","modified_gmt":"2021-08-13T09:33:20","slug":"patients-prendre-rdv-en-ligne","status":"publish","type":"page","link":"https:\/\/www.noutdoc.fr\/index.php\/patients-prendre-rdv-en-ligne\/","title":{"rendered":"Patients : prendre RDV en ligne"},"content":{"rendered":"<p>[vc_row full_width=&#8221;stretch_row_content_no_spaces&#8221; equal_height=&#8221;yes&#8221; content_placement=&#8221;middle&#8221; css=&#8221;.vc_custom_1537542183399{margin-bottom: 0px !important;padding-bottom: 0px !important;}&#8221;][vc_column width=&#8221;1\/6&#8243;][\/vc_column][vc_column css_animation=&#8221;fadeInLeft&#8221; width=&#8221;2\/6&#8243; max_width=&#8221;480&#8243; padding_tablet=&#8221;30px 30px 0px 30px&#8221; css=&#8221;.vc_custom_1549552234702{padding-top: 50px !important;padding-bottom: 50px !important;}&#8221;]\r\n\r\n\t<div class=\"sh-heading sh-heading-style1\" id=\"heading-WShfBYPMyO\">\r\n\t\t<h2 class=\"sh-heading-content size-xl\">\r\n\t\t\t<\/span>\n<span style=\"text-align: left;\"><b>Notre partenaire LogicRDV : prise de RDV en ligne<\/b><\/span>\n<span>\t\t<\/h2>\r\n\t<\/div>\r\n\r\n            <style type=\"text\/css\">\r\n                #heading-WShfBYPMyO .sh-heading-content {font-weight: 300!important;color: #363636;}            <\/style>\r\n        \r\n            \r\n            <div class=\"sh-empty-space vc_empty_space sh-empty-space-BQThy9jgc4  \" style=\"height: 15px\">\r\n                <span class=\"vc_empty_space_inner\"><\/span>\r\n            <\/div>\r\n\r\n        [vc_column_text]<span style=\"color: #363636;\"><span style=\"font-size: 14px;\"><b>Notre solution s&#8217;appuie sur la solution LogicRDV que nous repr\u00e9sentons sur l&#8217;oc\u00e9an indien. Nous invitons \u00e0 vous cr\u00e9er un profil sur le site de notre partenaire pour faire vos prises de RDV en ligne.<\/b><\/span><\/span><\/p>\n<h6>Cliquez sur le bouton ci-dessous pour vous inscrire.<\/h6>\n<p>[\/vc_column_text]\r\n                            <style media=\"screen\">\r\n                    @media (max-width: 1025px) {\r\n                        .sh-empty-space-d4twjmuFo0 {\r\n                            height: 20px!important;\r\n                        }\r\n                    }\r\n                <\/style>\r\n            \r\n            <div class=\"sh-empty-space vc_empty_space sh-empty-space-d4twjmuFo0  \" style=\"height: 50px\">\r\n                <span class=\"vc_empty_space_inner\"><\/span>\r\n            <\/div>\r\n\r\n        \r\n<div id=\"button-8vytmLqQxe\" class=\"sh-button-container  sh-button-style-1\">\r\n\t<div class=\"sh-element-margin\">\r\n\t\t<a href=\"https:\/\/www.logicrdv.fr\/rendez-vous-en-ligne\/\" target=\"_self\" class=\"sh-button sh-button-medium \">\r\n\r\n\t\t\t\r\n\t\t\t\t\t\t\t<span class=\"sh-button-text\">\r\n\t\t\t\t\tS&#039;inscrire sur LogicRDV\t\t\t\t<\/span>\r\n\t\t\t\r\n\t\t\t\r\n\t\t<\/a>\r\n\t\t\t<\/div>\r\n<\/div>\r\n            <style type=\"text\/css\">\r\n                #button-8vytmLqQxe .sh-button {font-size: 12px;border-radius: 45px;background-color: #3ce2ad;color: #ffffff;border: 2px solid transparent;}#button-8vytmLqQxe {}#button-8vytmLqQxe:not(.sh-button-style-2) .sh-button:hover {background-color: rgba(0,0,0,0.01);color: #363636;border: 2px solid #3ce2ad;}#button-8vytmLqQxe.sh-button-style-2 .sh-button:after {background-color: rgba(0,0,0,0.01);}#button-8vytmLqQxe.sh-button-style-2 .sh-button:hover {color: #363636;border: 2px solid #3ce2ad;}@media (max-width: 800px) {#button-8vytmLqQxe {text-align: left;}}            <\/style>\r\n        [\/vc_column][vc_column width=&#8221;3\/6&#8243;]\r\n<div id=\"single-image-VoDNplFvLq\" class=\"sh-single-image  \">\r\n\t<div class=\"sh-element-margin\">\r\n\r\n\t\t\r\n\t\t\t<div class=\"sh-single-image-container\">\r\n\t\t\t\t\r\n\t\t\t\t\t\t\t\t\t\t\t\t\t\t\t<a href=\"https:\/\/www.logicrdv.fr\/rendez-vous-en-ligne\/\">\r\n\t\t\t\t\t\r\n\t\t\t\t\t\t\t\t\t\t\t\t\t<img class=\"sh-image-url\" src=\"https:\/\/www.noutdoc.fr\/wp-content\/uploads\/2021\/08\/Capture-de\u0301cran-2021-08-13-a\u0300-12.34.50-1024x611.png\" alt=\"Capture d\u2019e\u0301cran 2021-08-13 a\u0300 12.34.50\" \/>\r\n\t\t\t\t\t\t\t\t\t\t\t\t\t\r\n\t\t\t\t\t\t\t\t\t\t\t<\/a>\r\n\t\t\t\t\t\t\t\t\t\r\n\t\t\t\t\t\t\t<\/div>\r\n\r\n\t\t\r\n\t<\/div>\r\n<\/div>\r\n            <style type=\"text\/css\">\r\n                #single-image-VoDNplFvLq {text-align: right;}            <\/style>\r\n        [\/vc_column][\/vc_row]<\/p>\n","protected":false},"excerpt":{"rendered":"<p>[vc_row full_width=&#8221;stretch_row_content_no_spaces&#8221; equal_height=&#8221;yes&#8221; content_placement=&#8221;middle&#8221; css=&#8221;.vc_custom_1537542183399{margin-bottom: 0px !important;padding-bottom: 0px !important;}&#8221;][vc_column width=&#8221;1\/6&#8243;][\/vc_column][vc_column css_animation=&#8221;fadeInLeft&#8221; width=&#8221;2\/6&#8243; max_width=&#8221;480&#8243; padding_tablet=&#8221;30px 30px 0px 30px&#8221; css=&#8221;.vc_custom_1549552234702{padding-top: 50px !important;padding-bottom:&#8230;<\/p>\n","protected":false},"author":1,"featured_media":0,"parent":0,"menu_order":0,"comment_status":"closed","ping_status":"closed","template":"","meta":[],"yoast_head":"<!-- This site is optimized with the Yoast SEO plugin v16.8 - https:\/\/yoast.com\/wordpress\/plugins\/seo\/ -->\n<title>Patients : prendre RDV en ligne - NOUTDOC<\/title>\n<meta name=\"robots\" content=\"index, follow, max-snippet:-1, max-image-preview:large, max-video-preview:-1\" \/>\n<link rel=\"canonical\" href=\"https:\/\/www.noutdoc.fr\/index.php\/patients-prendre-rdv-en-ligne\/\" \/>\n<meta property=\"og:locale\" content=\"fr_FR\" \/>\n<meta property=\"og:type\" content=\"article\" \/>\n<meta property=\"og:title\" content=\"Patients : prendre RDV en ligne - NOUTDOC\" \/>\n<meta property=\"og:description\" content=\"[vc_row full_width=&#8221;stretch_row_content_no_spaces&#8221; equal_height=&#8221;yes&#8221; content_placement=&#8221;middle&#8221; css=&#8221;.vc_custom_1537542183399{margin-bottom: 0px !important;padding-bottom: 0px !important;}&#8221;][vc_column width=&#8221;1\/6&#8243;][\/vc_column][vc_column css_animation=&#8221;fadeInLeft&#8221; width=&#8221;2\/6&#8243; max_width=&#8221;480&#8243; padding_tablet=&#8221;30px 30px 0px 30px&#8221; css=&#8221;.vc_custom_1549552234702{padding-top: 50px !important;padding-bottom:...\" \/>\n<meta property=\"og:url\" content=\"https:\/\/www.noutdoc.fr\/index.php\/patients-prendre-rdv-en-ligne\/\" \/>\n<meta property=\"og:site_name\" content=\"NOUTDOC\" \/>\n<meta property=\"article:publisher\" content=\"https:\/\/www.facebook.com\/noutdoc\" \/>\n<meta property=\"article:modified_time\" content=\"2021-08-13T09:33:20+00:00\" \/>\n<meta name=\"twitter:card\" content=\"summary_large_image\" \/>\n<meta name=\"twitter:label1\" content=\"Dur\u00e9e de lecture est.\" \/>\n\t<meta name=\"twitter:data1\" content=\"1 minute\" \/>\n<script type=\"application\/ld+json\" class=\"yoast-schema-graph\">{\"@context\":\"https:\/\/schema.org\",\"@graph\":[{\"@type\":\"Organization\",\"@id\":\"https:\/\/www.noutdoc.fr\/#organization\",\"name\":\"NOUTDOC Solutions\",\"url\":\"https:\/\/www.noutdoc.fr\/\",\"sameAs\":[\"https:\/\/www.facebook.com\/noutdoc\"],\"logo\":{\"@type\":\"ImageObject\",\"@id\":\"https:\/\/www.noutdoc.fr\/#logo\",\"inLanguage\":\"fr-FR\",\"url\":\"https:\/\/www.noutdoc.fr\/wp-content\/uploads\/2020\/04\/logo.png\",\"contentUrl\":\"https:\/\/www.noutdoc.fr\/wp-content\/uploads\/2020\/04\/logo.png\",\"width\":413,\"height\":377,\"caption\":\"NOUTDOC Solutions\"},\"image\":{\"@id\":\"https:\/\/www.noutdoc.fr\/#logo\"}},{\"@type\":\"WebSite\",\"@id\":\"https:\/\/www.noutdoc.fr\/#website\",\"url\":\"https:\/\/www.noutdoc.fr\/\",\"name\":\"NOUT DOC\",\"description\":\"Prise de rendez vous m\\u00e9dical et t\\u00e9l\\u00e9consultation\",\"publisher\":{\"@id\":\"https:\/\/www.noutdoc.fr\/#organization\"},\"potentialAction\":[{\"@type\":\"SearchAction\",\"target\":{\"@type\":\"EntryPoint\",\"urlTemplate\":\"https:\/\/www.noutdoc.fr\/?s={search_term_string}\"},\"query-input\":\"required name=search_term_string\"}],\"inLanguage\":\"fr-FR\"},{\"@type\":\"WebPage\",\"@id\":\"https:\/\/www.noutdoc.fr\/index.php\/patients-prendre-rdv-en-ligne\/#webpage\",\"url\":\"https:\/\/www.noutdoc.fr\/index.php\/patients-prendre-rdv-en-ligne\/\",\"name\":\"Patients : prendre RDV en ligne - NOUTDOC\",\"isPartOf\":{\"@id\":\"https:\/\/www.noutdoc.fr\/#website\"},\"datePublished\":\"2021-08-13T08:25:32+00:00\",\"dateModified\":\"2021-08-13T09:33:20+00:00\",\"breadcrumb\":{\"@id\":\"https:\/\/www.noutdoc.fr\/index.php\/patients-prendre-rdv-en-ligne\/#breadcrumb\"},\"inLanguage\":\"fr-FR\",\"potentialAction\":[{\"@type\":\"ReadAction\",\"target\":[\"https:\/\/www.noutdoc.fr\/index.php\/patients-prendre-rdv-en-ligne\/\"]}]},{\"@type\":\"BreadcrumbList\",\"@id\":\"https:\/\/www.noutdoc.fr\/index.php\/patients-prendre-rdv-en-ligne\/#breadcrumb\",\"itemListElement\":[{\"@type\":\"ListItem\",\"position\":1,\"name\":\"Accueil\",\"item\":\"https:\/\/www.noutdoc.fr\/\"},{\"@type\":\"ListItem\",\"position\":2,\"name\":\"Patients : prendre RDV en ligne\"}]}]}<\/script>\n<!-- \/ Yoast SEO plugin. -->","yoast_head_json":{"title":"Patients : prendre RDV en ligne - NOUTDOC","robots":{"index":"index","follow":"follow","max-snippet":"max-snippet:-1","max-image-preview":"max-image-preview:large","max-video-preview":"max-video-preview:-1"},"canonical":"https:\/\/www.noutdoc.fr\/index.php\/patients-prendre-rdv-en-ligne\/","og_locale":"fr_FR","og_type":"article","og_title":"Patients : prendre RDV en ligne - NOUTDOC","og_description":"[vc_row full_width=&#8221;stretch_row_content_no_spaces&#8221; equal_height=&#8221;yes&#8221; content_placement=&#8221;middle&#8221; css=&#8221;.vc_custom_1537542183399{margin-bottom: 0px !important;padding-bottom: 0px !important;}&#8221;][vc_column width=&#8221;1\/6&#8243;][\/vc_column][vc_column css_animation=&#8221;fadeInLeft&#8221; width=&#8221;2\/6&#8243; max_width=&#8221;480&#8243; padding_tablet=&#8221;30px 30px 0px 30px&#8221; css=&#8221;.vc_custom_1549552234702{padding-top: 50px !important;padding-bottom:...","og_url":"https:\/\/www.noutdoc.fr\/index.php\/patients-prendre-rdv-en-ligne\/","og_site_name":"NOUTDOC","article_publisher":"https:\/\/www.facebook.com\/noutdoc","article_modified_time":"2021-08-13T09:33:20+00:00","twitter_card":"summary_large_image","twitter_misc":{"Dur\u00e9e de lecture est.":"1 minute"},"schema":{"@context":"https:\/\/schema.org","@graph":[{"@type":"Organization","@id":"https:\/\/www.noutdoc.fr\/#organization","name":"NOUTDOC Solutions","url":"https:\/\/www.noutdoc.fr\/","sameAs":["https:\/\/www.facebook.com\/noutdoc"],"logo":{"@type":"ImageObject","@id":"https:\/\/www.noutdoc.fr\/#logo","inLanguage":"fr-FR","url":"https:\/\/www.noutdoc.fr\/wp-content\/uploads\/2020\/04\/logo.png","contentUrl":"https:\/\/www.noutdoc.fr\/wp-content\/uploads\/2020\/04\/logo.png","width":413,"height":377,"caption":"NOUTDOC Solutions"},"image":{"@id":"https:\/\/www.noutdoc.fr\/#logo"}},{"@type":"WebSite","@id":"https:\/\/www.noutdoc.fr\/#website","url":"https:\/\/www.noutdoc.fr\/","name":"NOUT DOC","description":"Prise de rendez vous m\u00e9dical et t\u00e9l\u00e9consultation","publisher":{"@id":"https:\/\/www.noutdoc.fr\/#organization"},"potentialAction":[{"@type":"SearchAction","target":{"@type":"EntryPoint","urlTemplate":"https:\/\/www.noutdoc.fr\/?s={search_term_string}"},"query-input":"required name=search_term_string"}],"inLanguage":"fr-FR"},{"@type":"WebPage","@id":"https:\/\/www.noutdoc.fr\/index.php\/patients-prendre-rdv-en-ligne\/#webpage","url":"https:\/\/www.noutdoc.fr\/index.php\/patients-prendre-rdv-en-ligne\/","name":"Patients : prendre RDV en ligne - NOUTDOC","isPartOf":{"@id":"https:\/\/www.noutdoc.fr\/#website"},"datePublished":"2021-08-13T08:25:32+00:00","dateModified":"2021-08-13T09:33:20+00:00","breadcrumb":{"@id":"https:\/\/www.noutdoc.fr\/index.php\/patients-prendre-rdv-en-ligne\/#breadcrumb"},"inLanguage":"fr-FR","potentialAction":[{"@type":"ReadAction","target":["https:\/\/www.noutdoc.fr\/index.php\/patients-prendre-rdv-en-ligne\/"]}]},{"@type":"BreadcrumbList","@id":"https:\/\/www.noutdoc.fr\/index.php\/patients-prendre-rdv-en-ligne\/#breadcrumb","itemListElement":[{"@type":"ListItem","position":1,"name":"Accueil","item":"https:\/\/www.noutdoc.fr\/"},{"@type":"ListItem","position":2,"name":"Patients : prendre RDV en ligne"}]}]}},"amp_enabled":true,"_links":{"self":[{"href":"https:\/\/www.noutdoc.fr\/index.php\/wp-json\/wp\/v2\/pages\/1030"}],"collection":[{"href":"https:\/\/www.noutdoc.fr\/index.php\/wp-json\/wp\/v2\/pages"}],"about":[{"href":"https:\/\/www.noutdoc.fr\/index.php\/wp-json\/wp\/v2\/types\/page"}],"author":[{"embeddable":true,"href":"https:\/\/www.noutdoc.fr\/index.php\/wp-json\/wp\/v2\/users\/1"}],"replies":[{"embeddable":true,"href":"https:\/\/www.noutdoc.fr\/index.php\/wp-json\/wp\/v2\/comments?post=1030"}],"version-history":[{"count":7,"href":"https:\/\/www.noutdoc.fr\/index.php\/wp-json\/wp\/v2\/pages\/1030\/revisions"}],"predecessor-version":[{"id":1041,"href":"https:\/\/www.noutdoc.fr\/index.php\/wp-json\/wp\/v2\/pages\/1030\/revisions\/1041"}],"wp:attachment":[{"href":"https:\/\/www.noutdoc.fr\/index.php\/wp-json\/wp\/v2\/media?parent=1030"}],"curies":[{"name":"wp","href":"https:\/\/api.w.org\/{rel}","templated":true}]}}